{"id":24,"date":"2023-07-21T09:04:13","date_gmt":"2023-07-21T09:04:13","guid":{"rendered":"http:\/\/la-cle-des-champs\/?page_id=24"},"modified":"2023-08-11T08:57:12","modified_gmt":"2023-08-11T08:57:12","slug":"actualites","status":"publish","type":"page","link":"http:\/\/beta.lacledeschamps-hotels.com\/kv1726-ovh\/actualites\/","title":{"rendered":"Actualit\u00e9s"},"content":{"rendered":"\t\t<div data-elementor-type=\"wp-page\" data-elementor-id=\"24\" class=\"elementor elementor-24\" data-elementor-post-type=\"page\">\n\t\t\t\t\t\t<section class=\"elementor-section elementor-top-section elementor-element elementor-element-356377a elementor-section-height-min-height elementor-section-boxed elementor-section-height-default elementor-section-items-middle\" data-id=\"356377a\" data-element_type=\"section\" data-e-type=\"section\" data-settings=\"{&quot;background_background&quot;:&quot;classic&quot;}\">\n\t\t\t\t\t\t\t<div class=\"elementor-background-overlay\"><\/div>\n\t\t\t\t\t\t\t<div class=\"elementor-container elementor-column-gap-default\">\n\t\t\t\t\t<div class=\"elementor-column elementor-col-100 elementor-top-column elementor-element elementor-element-ea90b1b\" data-id=\"ea90b1b\" data-element_type=\"column\" data-e-type=\"column\">\n\t\t\t<div class=\"elementor-widget-wrap elementor-element-populated\">\n\t\t\t\t\t\t<div class=\"elementor-element elementor-element-1d662f8 elementor-widget elementor-widget-heading\" data-id=\"1d662f8\" data-element_type=\"widget\" data-e-type=\"widget\" data-widget_type=\"heading.default\">\n\t\t\t\t<div class=\"elementor-widget-container\">\n\t\t\t\t\t<span class=\"elementor-heading-title elementor-size-default\">Nos actualit\u00e9s<\/span>\t\t\t\t<\/div>\n\t\t\t\t<\/div>\n\t\t\t\t\t<\/div>\n\t\t<\/div>\n\t\t\t\t\t<\/div>\n\t\t<\/section>\n\t\t\t\t<section class=\"elementor-section elementor-top-section elementor-element elementor-element-c05948f elementor-section-boxed elementor-section-height-default elementor-section-height-default\" data-id=\"c05948f\" data-element_type=\"section\" data-e-type=\"section\" data-settings=\"{&quot;background_background&quot;:&quot;classic&quot;}\">\n\t\t\t\t\t\t<div class=\"elementor-container elementor-column-gap-default\">\n\t\t\t\t\t<div class=\"elementor-column elementor-col-100 elementor-top-column elementor-element elementor-element-f75d727\" data-id=\"f75d727\" data-element_type=\"column\" data-e-type=\"column\">\n\t\t\t<div class=\"elementor-widget-wrap elementor-element-populated\">\n\t\t\t\t\t\t<div class=\"elementor-element elementor-element-4928e4f elementor-widget elementor-widget-heading\" data-id=\"4928e4f\" data-element_type=\"widget\" data-e-type=\"widget\" data-widget_type=\"heading.default\">\n\t\t\t\t<div class=\"elementor-widget-container\">\n\t\t\t\t\t<h1 class=\"elementor-heading-title elementor-size-default\">D\u00e9couvrez nos derni\u00e8res actualit\u00e9s<\/h1>\t\t\t\t<\/div>\n\t\t\t\t<\/div>\n\t\t\t\t\t<\/div>\n\t\t<\/div>\n\t\t\t\t\t<\/div>\n\t\t<\/section>\n\t\t\t\t<section class=\"elementor-section elementor-top-section elementor-element elementor-element-2f2a7f7 elementor-section-boxed elementor-section-height-default elementor-section-height-default\" data-id=\"2f2a7f7\" data-element_type=\"section\" data-e-type=\"section\">\n\t\t\t\t\t\t<div class=\"elementor-container elementor-column-gap-default\">\n\t\t\t\t\t<div class=\"elementor-column elementor-col-100 elementor-top-column elementor-element elementor-element-cec11b4\" data-id=\"cec11b4\" data-element_type=\"column\" data-e-type=\"column\">\n\t\t\t<div class=\"elementor-widget-wrap elementor-element-populated\">\n\t\t\t\t\t\t<div class=\"elementor-element elementor-element-58bce6e elementor-grid-3 elementor-grid-tablet-2 elementor-grid-mobile-1 elementor-posts--thumbnail-top elementor-card-shadow-yes elementor-posts__hover-gradient elementor-widget elementor-widget-posts\" data-id=\"58bce6e\" data-element_type=\"widget\" data-e-type=\"widget\" data-settings=\"{&quot;cards_columns&quot;:&quot;3&quot;,&quot;cards_columns_tablet&quot;:&quot;2&quot;,&quot;cards_columns_mobile&quot;:&quot;1&quot;,&quot;cards_row_gap&quot;:{&quot;unit&quot;:&quot;px&quot;,&quot;size&quot;:35,&quot;sizes&quot;:[]},&quot;cards_row_gap_tablet&quot;:{&quot;unit&quot;:&quot;px&quot;,&quot;size&quot;:&quot;&quot;,&quot;sizes&quot;:[]},&quot;cards_row_gap_mobile&quot;:{&quot;unit&quot;:&quot;px&quot;,&quot;size&quot;:&quot;&quot;,&quot;sizes&quot;:[]}}\" data-widget_type=\"posts.cards\">\n\t\t\t\t<div class=\"elementor-widget-container\">\n\t\t\t\t\t\t\t<div class=\"elementor-posts-container elementor-posts elementor-posts--skin-cards elementor-grid\">\n\t\t\t\t<article class=\"elementor-post elementor-grid-item post-296 post type-post status-publish format-standard has-post-thumbnail hentry category-uncategorized\">\n\t\t\t<div class=\"elementor-post__card\">\n\t\t\t\t<a class=\"elementor-post__thumbnail__link\" href=\"http:\/\/beta.lacledeschamps-hotels.com\/kv1726-ovh\/le-cep-gourmand-horaires-actuelsl\/\" tabindex=\"-1\" ><div class=\"elementor-post__thumbnail\"><img fetchpriority=\"high\" decoding=\"async\" width=\"750\" height=\"499\" src=\"http:\/\/beta.lacledeschamps-hotels.com\/kv1726-ovh\/wp-content\/uploads\/2023\/07\/Horaires-blog-1024x681.png\" class=\"attachment-large size-large wp-image-2084\" alt=\"\" srcset=\"http:\/\/beta.lacledeschamps-hotels.com\/kv1726-ovh\/wp-content\/uploads\/2023\/07\/Horaires-blog-1024x681.png 1024w, http:\/\/beta.lacledeschamps-hotels.com\/kv1726-ovh\/wp-content\/uploads\/2023\/07\/Horaires-blog-300x200.png 300w, http:\/\/beta.lacledeschamps-hotels.com\/kv1726-ovh\/wp-content\/uploads\/2023\/07\/Horaires-blog-768x511.png 768w, http:\/\/beta.lacledeschamps-hotels.com\/kv1726-ovh\/wp-content\/uploads\/2023\/07\/Horaires-blog-1536x1022.png 1536w, http:\/\/beta.lacledeschamps-hotels.com\/kv1726-ovh\/wp-content\/uploads\/2023\/07\/Horaires-blog-360x240.png 360w, http:\/\/beta.lacledeschamps-hotels.com\/kv1726-ovh\/wp-content\/uploads\/2023\/07\/Horaires-blog.png 1920w\" sizes=\"(max-width: 750px) 100vw, 750px\" \/><\/div><\/a>\n\t\t\t\t<div class=\"elementor-post__text\">\n\t\t\t\t<h3 class=\"elementor-post__title\">\n\t\t\t<a href=\"http:\/\/beta.lacledeschamps-hotels.com\/kv1726-ovh\/le-cep-gourmand-horaires-actuelsl\/\" >\n\t\t\t\t<span id=\"horaire\">Le Cep Gourmand : Horaires actuels<\/span>\t\t\t<\/a>\n\t\t<\/h3>\n\t\t\t\t<div class=\"elementor-post__excerpt\">\n\t\t\t<p>Le restaurant est, pour le moment, ferm\u00e9 le midi.<\/p>\n\t\t<\/div>\n\t\t\n\t\t<a class=\"elementor-post__read-more\" href=\"http:\/\/beta.lacledeschamps-hotels.com\/kv1726-ovh\/le-cep-gourmand-horaires-actuelsl\/\" aria-label=\"En savoir plus sur &lt;span id=&quot;horaire&quot;&gt;Le Cep Gourmand : Horaires actuels&lt;\/span&gt;\" tabindex=\"-1\" >\n\t\t\tLire la suite \u00bb\t\t<\/a>\n\n\t\t\t\t<\/div>\n\t\t\t\t\t<\/div>\n\t\t<\/article>\n\t\t\t\t<article class=\"elementor-post elementor-grid-item post-295 post type-post status-publish format-standard has-post-thumbnail hentry category-uncategorized\">\n\t\t\t<div class=\"elementor-post__card\">\n\t\t\t\t<a class=\"elementor-post__thumbnail__link\" href=\"http:\/\/beta.lacledeschamps-hotels.com\/kv1726-ovh\/actualites-2\/\" tabindex=\"-1\" ><div class=\"elementor-post__thumbnail\"><img decoding=\"async\" width=\"750\" height=\"500\" src=\"http:\/\/beta.lacledeschamps-hotels.com\/kv1726-ovh\/wp-content\/uploads\/2023\/07\/fascinant-week-end-illus-auvergne-ra-ok-1024x683.png\" class=\"attachment-large size-large wp-image-2129\" alt=\"\" srcset=\"http:\/\/beta.lacledeschamps-hotels.com\/kv1726-ovh\/wp-content\/uploads\/2023\/07\/fascinant-week-end-illus-auvergne-ra-ok-1024x683.png 1024w, http:\/\/beta.lacledeschamps-hotels.com\/kv1726-ovh\/wp-content\/uploads\/2023\/07\/fascinant-week-end-illus-auvergne-ra-ok-300x200.png 300w, http:\/\/beta.lacledeschamps-hotels.com\/kv1726-ovh\/wp-content\/uploads\/2023\/07\/fascinant-week-end-illus-auvergne-ra-ok-768x512.png 768w, http:\/\/beta.lacledeschamps-hotels.com\/kv1726-ovh\/wp-content\/uploads\/2023\/07\/fascinant-week-end-illus-auvergne-ra-ok-1536x1024.png 1536w, http:\/\/beta.lacledeschamps-hotels.com\/kv1726-ovh\/wp-content\/uploads\/2023\/07\/fascinant-week-end-illus-auvergne-ra-ok-360x240.png 360w, http:\/\/beta.lacledeschamps-hotels.com\/kv1726-ovh\/wp-content\/uploads\/2023\/07\/fascinant-week-end-illus-auvergne-ra-ok.png 1600w\" sizes=\"(max-width: 750px) 100vw, 750px\" \/><\/div><\/a>\n\t\t\t\t<div class=\"elementor-post__text\">\n\t\t\t\t<h3 class=\"elementor-post__title\">\n\t\t\t<a href=\"http:\/\/beta.lacledeschamps-hotels.com\/kv1726-ovh\/actualites-2\/\" >\n\t\t\t\tLe fascinant week-end\t\t\t<\/a>\n\t\t<\/h3>\n\t\t\t\t<div class=\"elementor-post__excerpt\">\n\t\t\t<p>Du 19 au 22 octobre 2023 aura lieu un week-end fascinant et gourmand dans notre r\u00e9gion !<\/p>\n<p>Venez d\u00e9couvrir les vignobles et vignerons et n&#8217;h\u00e9sitez pas \u00e0 r\u00e9server votre place et votre chambre pour pouvoir y participer.<\/p>\n\t\t<\/div>\n\t\t\n\t\t<a class=\"elementor-post__read-more\" href=\"http:\/\/beta.lacledeschamps-hotels.com\/kv1726-ovh\/actualites-2\/\" aria-label=\"En savoir plus sur Le fascinant week-end\" tabindex=\"-1\" >\n\t\t\tLire la suite \u00bb\t\t<\/a>\n\n\t\t\t\t<\/div>\n\t\t\t\t\t<\/div>\n\t\t<\/article>\n\t\t\t\t<article class=\"elementor-post elementor-grid-item post-288 post type-post status-publish format-standard has-post-thumbnail hentry category-uncategorized\">\n\t\t\t<div class=\"elementor-post__card\">\n\t\t\t\t<a class=\"elementor-post__thumbnail__link\" href=\"http:\/\/beta.lacledeschamps-hotels.com\/kv1726-ovh\/actualites-1\/\" tabindex=\"-1\" ><div class=\"elementor-post__thumbnail\"><img decoding=\"async\" width=\"750\" height=\"1000\" src=\"http:\/\/beta.lacledeschamps-hotels.com\/kv1726-ovh\/wp-content\/uploads\/2023\/07\/DSCN0934-768x1024.jpg\" class=\"attachment-large size-large wp-image-2131\" alt=\"\" srcset=\"http:\/\/beta.lacledeschamps-hotels.com\/kv1726-ovh\/wp-content\/uploads\/2023\/07\/DSCN0934-768x1024.jpg 768w, http:\/\/beta.lacledeschamps-hotels.com\/kv1726-ovh\/wp-content\/uploads\/2023\/07\/DSCN0934-225x300.jpg 225w, http:\/\/beta.lacledeschamps-hotels.com\/kv1726-ovh\/wp-content\/uploads\/2023\/07\/DSCN0934-1152x1536.jpg 1152w, http:\/\/beta.lacledeschamps-hotels.com\/kv1726-ovh\/wp-content\/uploads\/2023\/07\/DSCN0934-1536x2048.jpg 1536w, http:\/\/beta.lacledeschamps-hotels.com\/kv1726-ovh\/wp-content\/uploads\/2023\/07\/DSCN0934-scaled.jpg 1920w\" sizes=\"(max-width: 750px) 100vw, 750px\" \/><\/div><\/a>\n\t\t\t\t<div class=\"elementor-post__text\">\n\t\t\t\t<h3 class=\"elementor-post__title\">\n\t\t\t<a href=\"http:\/\/beta.lacledeschamps-hotels.com\/kv1726-ovh\/actualites-1\/\" >\n\t\t\t\tPortrait de Dominique, notre Mamido !\t\t\t<\/a>\n\t\t<\/h3>\n\t\t\t\t<div class=\"elementor-post__excerpt\">\n\t\t\t<p>D\u00e9couvrez le portrait de notre plus fid\u00e8le et ancienne collaboratrice.<\/p>\n\t\t<\/div>\n\t\t\n\t\t<a class=\"elementor-post__read-more\" href=\"http:\/\/beta.lacledeschamps-hotels.com\/kv1726-ovh\/actualites-1\/\" aria-label=\"En savoir plus sur Portrait de Dominique, notre Mamido !\" tabindex=\"-1\" >\n\t\t\tLire la suite \u00bb\t\t<\/a>\n\n\t\t\t\t<\/div>\n\t\t\t\t\t<\/div>\n\t\t<\/article>\n\t\t\t\t<\/div>\n\t\t\n\t\t\t\t\t\t<\/div>\n\t\t\t\t<\/div>\n\t\t\t\t\t<\/div>\n\t\t<\/div>\n\t\t\t\t\t<\/div>\n\t\t<\/section>\n\t\t\t\t<section class=\"elementor-section elementor-top-section elementor-element elementor-element-ed5249f elementor-section-boxed elementor-section-height-default elementor-section-height-default\" data-id=\"ed5249f\" data-element_type=\"section\" data-e-type=\"section\" data-settings=\"{&quot;background_background&quot;:&quot;classic&quot;}\">\n\t\t\t\t\t\t<div class=\"elementor-container elementor-column-gap-default\">\n\t\t\t\t\t<div class=\"elementor-column elementor-col-100 elementor-top-column elementor-element elementor-element-22990ec\" data-id=\"22990ec\" data-element_type=\"column\" data-e-type=\"column\">\n\t\t\t<div class=\"elementor-widget-wrap elementor-element-populated\">\n\t\t\t\t\t\t<div class=\"elementor-element elementor-element-20d58fd elementor-widget elementor-widget-text-editor\" data-id=\"20d58fd\" data-element_type=\"widget\" data-e-type=\"widget\" data-widget_type=\"text-editor.default\">\n\t\t\t\t<div class=\"elementor-widget-container\">\n\t\t\t\t\t\t\t\t\t<p>N&#8217;h\u00e9sitez pas \u00e0 nous contacter par <strong><a href=\"http:\/\/beta.lacledeschamps-hotels.com\/kv1726-ovh\/contact\/\" style=\"color: #fff;\">e-mail<\/a><\/strong> ou par t\u00e9l\u00e9phone au <strong><a href=\"tel:0479841201\" style=\"color: #fff;\">04 79 84 12 01<\/a><\/strong> pour avoir plus d&#8217;informations.<\/p>\t\t\t\t\t\t\t\t<\/div>\n\t\t\t\t<\/div>\n\t\t\t\t\t<\/div>\n\t\t<\/div>\n\t\t\t\t\t<\/div>\n\t\t<\/section>\n\t\t\t\t<\/div>\n\t\t","protected":false},"excerpt":{"rendered":"<p>Nos actualit\u00e9s D\u00e9couvrez nos derni\u00e8res actualit\u00e9s N&#8217;h\u00e9sitez pas \u00e0 nous contacter par e-mail ou par t\u00e9l\u00e9phone au 04 79 84 12 01 pour avoir plus d&#8217;informations.<\/p>\n","protected":false},"author":1,"featured_media":0,"parent":0,"menu_order":0,"comment_status":"closed","ping_status":"closed","template":"page-templates\/template-pagebuilder-full-width.php","meta":{"inline_featured_image":false,"footnotes":""},"class_list":["post-24","page","type-page","status-publish","hentry"],"yoast_head":"<!-- This site is optimized with the Yoast SEO plugin v27.4 - https:\/\/yoast.com\/product\/yoast-seo-wordpress\/ -->\n<title>Actualit\u00e9s - la cl\u00e9 des champs<\/title>\n<meta name=\"robots\" content=\"index, follow, max-snippet:-1, max-image-preview:large, max-video-preview:-1\" \/>\n<link rel=\"canonical\" href=\"https:\/\/beta.lacledeschamps-hotels.com\/kv1726-ovh\/actualites\/\" \/>\n<meta property=\"og:locale\" content=\"fr_FR\" \/>\n<meta property=\"og:type\" content=\"article\" \/>\n<meta property=\"og:title\" content=\"Actualit\u00e9s - la cl\u00e9 des champs\" \/>\n<meta property=\"og:description\" content=\"Nos actualit\u00e9s D\u00e9couvrez nos derni\u00e8res actualit\u00e9s N&#8217;h\u00e9sitez pas \u00e0 nous contacter par e-mail ou par t\u00e9l\u00e9phone au 04 79 84 12 01 pour avoir plus d&#8217;informations.\" \/>\n<meta property=\"og:url\" content=\"https:\/\/beta.lacledeschamps-hotels.com\/kv1726-ovh\/actualites\/\" \/>\n<meta property=\"og:site_name\" content=\"la cl\u00e9 des champs\" \/>\n<meta property=\"article:modified_time\" content=\"2023-08-11T08:57:12+00:00\" \/>\n<meta name=\"twitter:card\" content=\"summary_large_image\" \/>\n<meta name=\"twitter:label1\" content=\"Dur\u00e9e de lecture estim\u00e9e\" \/>\n\t<meta name=\"twitter:data1\" content=\"2 minutes\" \/>\n<script type=\"application\/ld+json\" class=\"yoast-schema-graph\">{\"@context\":\"https:\\\/\\\/schema.org\",\"@graph\":[{\"@type\":\"WebPage\",\"@id\":\"https:\\\/\\\/beta.lacledeschamps-hotels.com\\\/kv1726-ovh\\\/actualites\\\/\",\"url\":\"https:\\\/\\\/beta.lacledeschamps-hotels.com\\\/kv1726-ovh\\\/actualites\\\/\",\"name\":\"Actualit\u00e9s - la cl\u00e9 des champs\",\"isPartOf\":{\"@id\":\"http:\\\/\\\/beta.lacledeschamps-hotels.com\\\/kv1726-ovh\\\/#website\"},\"datePublished\":\"2023-07-21T09:04:13+00:00\",\"dateModified\":\"2023-08-11T08:57:12+00:00\",\"breadcrumb\":{\"@id\":\"https:\\\/\\\/beta.lacledeschamps-hotels.com\\\/kv1726-ovh\\\/actualites\\\/#breadcrumb\"},\"inLanguage\":\"fr-FR\",\"potentialAction\":[{\"@type\":\"ReadAction\",\"target\":[\"https:\\\/\\\/beta.lacledeschamps-hotels.com\\\/kv1726-ovh\\\/actualites\\\/\"]}]},{\"@type\":\"BreadcrumbList\",\"@id\":\"https:\\\/\\\/beta.lacledeschamps-hotels.com\\\/kv1726-ovh\\\/actualites\\\/#breadcrumb\",\"itemListElement\":[{\"@type\":\"ListItem\",\"position\":1,\"name\":\"Accueil\",\"item\":\"http:\\\/\\\/beta.lacledeschamps-hotels.com\\\/kv1726-ovh\\\/\"},{\"@type\":\"ListItem\",\"position\":2,\"name\":\"Actualit\u00e9s\"}]},{\"@type\":\"WebSite\",\"@id\":\"http:\\\/\\\/beta.lacledeschamps-hotels.com\\\/kv1726-ovh\\\/#website\",\"url\":\"http:\\\/\\\/beta.lacledeschamps-hotels.com\\\/kv1726-ovh\\\/\",\"name\":\"la cl\u00e9 des champs\",\"description\":\"\",\"publisher\":{\"@id\":\"http:\\\/\\\/beta.lacledeschamps-hotels.com\\\/kv1726-ovh\\\/#organization\"},\"potentialAction\":[{\"@type\":\"SearchAction\",\"target\":{\"@type\":\"EntryPoint\",\"urlTemplate\":\"http:\\\/\\\/beta.lacledeschamps-hotels.com\\\/kv1726-ovh\\\/?s={search_term_string}\"},\"query-input\":{\"@type\":\"PropertyValueSpecification\",\"valueRequired\":true,\"valueName\":\"search_term_string\"}}],\"inLanguage\":\"fr-FR\"},{\"@type\":\"Organization\",\"@id\":\"http:\\\/\\\/beta.lacledeschamps-hotels.com\\\/kv1726-ovh\\\/#organization\",\"name\":\"la cl\u00e9 des champs\",\"url\":\"http:\\\/\\\/beta.lacledeschamps-hotels.com\\\/kv1726-ovh\\\/\",\"logo\":{\"@type\":\"ImageObject\",\"inLanguage\":\"fr-FR\",\"@id\":\"http:\\\/\\\/beta.lacledeschamps-hotels.com\\\/kv1726-ovh\\\/#\\\/schema\\\/logo\\\/image\\\/\",\"url\":\"http:\\\/\\\/beta.lacledeschamps-hotels.com\\\/kv1726-ovh\\\/wp-content\\\/uploads\\\/2023\\\/07\\\/Logo_la_cle_des_champs.jpg\",\"contentUrl\":\"http:\\\/\\\/beta.lacledeschamps-hotels.com\\\/kv1726-ovh\\\/wp-content\\\/uploads\\\/2023\\\/07\\\/Logo_la_cle_des_champs.jpg\",\"width\":161,\"height\":127,\"caption\":\"la cl\u00e9 des champs\"},\"image\":{\"@id\":\"http:\\\/\\\/beta.lacledeschamps-hotels.com\\\/kv1726-ovh\\\/#\\\/schema\\\/logo\\\/image\\\/\"}}]}<\/script>\n<!-- \/ Yoast SEO plugin. -->","yoast_head_json":{"title":"Actualit\u00e9s - la cl\u00e9 des champs","robots":{"index":"index","follow":"follow","max-snippet":"max-snippet:-1","max-image-preview":"max-image-preview:large","max-video-preview":"max-video-preview:-1"},"canonical":"https:\/\/beta.lacledeschamps-hotels.com\/kv1726-ovh\/actualites\/","og_locale":"fr_FR","og_type":"article","og_title":"Actualit\u00e9s - la cl\u00e9 des champs","og_description":"Nos actualit\u00e9s D\u00e9couvrez nos derni\u00e8res actualit\u00e9s N&#8217;h\u00e9sitez pas \u00e0 nous contacter par e-mail ou par t\u00e9l\u00e9phone au 04 79 84 12 01 pour avoir plus d&#8217;informations.","og_url":"https:\/\/beta.lacledeschamps-hotels.com\/kv1726-ovh\/actualites\/","og_site_name":"la cl\u00e9 des champs","article_modified_time":"2023-08-11T08:57:12+00:00","twitter_card":"summary_large_image","twitter_misc":{"Dur\u00e9e de lecture estim\u00e9e":"2 minutes"},"schema":{"@context":"https:\/\/schema.org","@graph":[{"@type":"WebPage","@id":"https:\/\/beta.lacledeschamps-hotels.com\/kv1726-ovh\/actualites\/","url":"https:\/\/beta.lacledeschamps-hotels.com\/kv1726-ovh\/actualites\/","name":"Actualit\u00e9s - la cl\u00e9 des champs","isPartOf":{"@id":"http:\/\/beta.lacledeschamps-hotels.com\/kv1726-ovh\/#website"},"datePublished":"2023-07-21T09:04:13+00:00","dateModified":"2023-08-11T08:57:12+00:00","breadcrumb":{"@id":"https:\/\/beta.lacledeschamps-hotels.com\/kv1726-ovh\/actualites\/#breadcrumb"},"inLanguage":"fr-FR","potentialAction":[{"@type":"ReadAction","target":["https:\/\/beta.lacledeschamps-hotels.com\/kv1726-ovh\/actualites\/"]}]},{"@type":"BreadcrumbList","@id":"https:\/\/beta.lacledeschamps-hotels.com\/kv1726-ovh\/actualites\/#breadcrumb","itemListElement":[{"@type":"ListItem","position":1,"name":"Accueil","item":"http:\/\/beta.lacledeschamps-hotels.com\/kv1726-ovh\/"},{"@type":"ListItem","position":2,"name":"Actualit\u00e9s"}]},{"@type":"WebSite","@id":"http:\/\/beta.lacledeschamps-hotels.com\/kv1726-ovh\/#website","url":"http:\/\/beta.lacledeschamps-hotels.com\/kv1726-ovh\/","name":"la cl\u00e9 des champs","description":"","publisher":{"@id":"http:\/\/beta.lacledeschamps-hotels.com\/kv1726-ovh\/#organization"},"potentialAction":[{"@type":"SearchAction","target":{"@type":"EntryPoint","urlTemplate":"http:\/\/beta.lacledeschamps-hotels.com\/kv1726-ovh\/?s={search_term_string}"},"query-input":{"@type":"PropertyValueSpecification","valueRequired":true,"valueName":"search_term_string"}}],"inLanguage":"fr-FR"},{"@type":"Organization","@id":"http:\/\/beta.lacledeschamps-hotels.com\/kv1726-ovh\/#organization","name":"la cl\u00e9 des champs","url":"http:\/\/beta.lacledeschamps-hotels.com\/kv1726-ovh\/","logo":{"@type":"ImageObject","inLanguage":"fr-FR","@id":"http:\/\/beta.lacledeschamps-hotels.com\/kv1726-ovh\/#\/schema\/logo\/image\/","url":"http:\/\/beta.lacledeschamps-hotels.com\/kv1726-ovh\/wp-content\/uploads\/2023\/07\/Logo_la_cle_des_champs.jpg","contentUrl":"http:\/\/beta.lacledeschamps-hotels.com\/kv1726-ovh\/wp-content\/uploads\/2023\/07\/Logo_la_cle_des_champs.jpg","width":161,"height":127,"caption":"la cl\u00e9 des champs"},"image":{"@id":"http:\/\/beta.lacledeschamps-hotels.com\/kv1726-ovh\/#\/schema\/logo\/image\/"}}]}},"_links":{"self":[{"href":"http:\/\/beta.lacledeschamps-hotels.com\/kv1726-ovh\/wp-json\/wp\/v2\/pages\/24","targetHints":{"allow":["GET"]}}],"collection":[{"href":"http:\/\/beta.lacledeschamps-hotels.com\/kv1726-ovh\/wp-json\/wp\/v2\/pages"}],"about":[{"href":"http:\/\/beta.lacledeschamps-hotels.com\/kv1726-ovh\/wp-json\/wp\/v2\/types\/page"}],"author":[{"embeddable":true,"href":"http:\/\/beta.lacledeschamps-hotels.com\/kv1726-ovh\/wp-json\/wp\/v2\/users\/1"}],"replies":[{"embeddable":true,"href":"http:\/\/beta.lacledeschamps-hotels.com\/kv1726-ovh\/wp-json\/wp\/v2\/comments?post=24"}],"version-history":[{"count":23,"href":"http:\/\/beta.lacledeschamps-hotels.com\/kv1726-ovh\/wp-json\/wp\/v2\/pages\/24\/revisions"}],"predecessor-version":[{"id":2426,"href":"http:\/\/beta.lacledeschamps-hotels.com\/kv1726-ovh\/wp-json\/wp\/v2\/pages\/24\/revisions\/2426"}],"wp:attachment":[{"href":"http:\/\/beta.lacledeschamps-hotels.com\/kv1726-ovh\/wp-json\/wp\/v2\/media?parent=24"}],"curies":[{"name":"wp","href":"https:\/\/api.w.org\/{rel}","templated":true}]}}